{"id":2,"date":"2009-04-03T16:04:04","date_gmt":"2009-04-03T22:04:04","guid":{"rendered":"http:\/\/www.boostiao.com\/portal\/?page_id=2"},"modified":"2017-04-17T00:21:32","modified_gmt":"2017-04-17T04:21:32","slug":"informacion","status":"publish","type":"page","link":"http:\/\/www.boostiao.com\/portal\/informacion\/","title":{"rendered":"Nosotros"},"content":{"rendered":"<p><strong>Boostiao.com<\/strong><\/p>\n<p>Que  es Boostiao?<\/p>\n<p>Somos un online car magazine y desde nuestros inicios en Marzo del 2009 brindamos a nuestros visitantes fotograf\u00edas art\u00edsticas de alta calidad del automovilismo local, art\u00edculos y novedades de este deporte a nivel internacional, logrando fomentar esta cultura con un contenido inigualable y un estilo que ha marcado la diferencia.<\/p>\n<p>Boostiao es un spanglish de la palabra Boosted.<\/p>\n<p>Y por supuesto siempre agradecidos de todas esas personas\/equipos que creen en el proyecto y nos apoyan siempre!<\/p>\n<p>Nuestro equipo esta compuesto por:<\/p>\n<p>&#8211; Adolfo Diaz<br \/>\n&#8211; Rafael Estevez (DRT RACING, NYC)<br \/>\n&#8211; Carlos Toledo (California, USA)<br \/>\n&#8211; Gustavo Arbona<br \/>\n&#8211; Wilken Sang<br \/>\n&#8211; Frank Ortega<br \/>\n&#8211; Carlos Feliz<br \/>\n&#8211; Efrain Arias (Editor en Jefe)<\/p>\n<p>Estamos abiertos a sugerencias y a cualquier tipo de opini\u00f3n.<\/p>\n<p>Si desea contactarnos s\u00edrvase de enviarnos un email a:<\/p>\n<p><img decoding=\"async\" src=\"http:\/\/www.boostiao.com\/misc\/email.png\" alt=\"\" \/><\/p>\n<p>Saludos,<\/p>\n<p>Boostiao.com team<\/p>\n<div class=\"fblikebutton_button\" style=\"float: right; margin-left: 10px;\"><iframe src=\"http:\/\/www.facebook.com\/plugins\/like.php?href=http%3A%2F%2Fwww.boostiao.com%2Fportal%2Finformacion%2F&amp;layout=standard&amp;show-faces=true&amp;width=450&amp;action=like&amp;colorscheme=light\" scrolling=\"no\" frameborder=\"0\" allowTransparency=\"true\" style=\"border:none; overflow:hidden; width:450px; height:26px\"><\/iframe><\/div>\n","protected":false},"excerpt":{"rendered":"<p>Boostiao.com Que es Boostiao? Somos un online car magazine y desde nuestros inicios en Marzo del 2009 brindamos a nuestros visitantes fotograf\u00edas art\u00edsticas de alta calidad del automovilismo local, art\u00edculos y novedades de este deporte a nivel internacional, logrando fomentar esta cultura con un contenido inigualable y un estilo que ha marcado la diferencia. Boostiao es un spanglish de la palabra Boosted. Y por supuesto siempre agradecidos de todas esas personas\/equipos que creen en el proyecto y nos apoyan siempre! Nuestro equipo esta compuesto por: &#8211; Adolfo Diaz &#8211; Rafael Estevez (DRT RACING, NYC) &#8211; Carlos Toledo (California, USA) &#8211; [&hellip;]<\/p>\n","protected":false},"author":1,"featured_media":0,"parent":0,"menu_order":0,"comment_status":"closed","ping_status":"closed","template":"","meta":{"ngg_post_thumbnail":0,"footnotes":""},"class_list":["post-2","page","type-page","status-publish","hentry"],"_links":{"self":[{"href":"http:\/\/www.boostiao.com\/portal\/wp-json\/wp\/v2\/pages\/2","targetHints":{"allow":["GET"]}}],"collection":[{"href":"http:\/\/www.boostiao.com\/portal\/wp-json\/wp\/v2\/pages"}],"about":[{"href":"http:\/\/www.boostiao.com\/portal\/wp-json\/wp\/v2\/types\/page"}],"author":[{"embeddable":true,"href":"http:\/\/www.boostiao.com\/portal\/wp-json\/wp\/v2\/users\/1"}],"replies":[{"embeddable":true,"href":"http:\/\/www.boostiao.com\/portal\/wp-json\/wp\/v2\/comments?post=2"}],"version-history":[{"count":23,"href":"http:\/\/www.boostiao.com\/portal\/wp-json\/wp\/v2\/pages\/2\/revisions"}],"predecessor-version":[{"id":12025,"href":"http:\/\/www.boostiao.com\/portal\/wp-json\/wp\/v2\/pages\/2\/revisions\/12025"}],"wp:attachment":[{"href":"http:\/\/www.boostiao.com\/portal\/wp-json\/wp\/v2\/media?parent=2"}],"curies":[{"name":"wp","href":"https:\/\/api.w.org\/{rel}","templated":true}]}}